{"id":13619,"date":"2017-04-06T15:07:09","date_gmt":"2017-04-06T19:07:09","guid":{"rendered":"http:\/\/www.runottawa.ca\/?page_id=13619"},"modified":"2023-11-13T07:19:11","modified_gmt":"2023-11-13T12:19:11","slug":"benevoles","status":"publish","type":"page","link":"https:\/\/runottawa.mydev.ca\/fr\/ro\/programmes\/benevoles","title":{"rendered":"B\u00e9n\u00e9voles"},"content":{"rendered":"<h2>Plus de possibilit\u00e9s de b\u00e9n\u00e9volat !<\/h2>\n<p>Nos possibilit\u00e9s de b\u00e9n\u00e9volat ne se limitent pas \u00e0 la Fin de semaine des courses\u00a0<em>Tamarack<\/em> d\u2019Ottawa. Nous avons besoin de l\u2019aide des b\u00e9n\u00e9voles lors de nos nombreux autres \u00e9v\u00e9nements tout au long de l\u2019ann\u00e9e. Pour savoir s\u2019il existe une possibilit\u00e9 de b\u00e9n\u00e9volat, consultez <a href=\"https:\/\/runottawa.mydev.ca\/fr\/ro\/les-courses\/calendrier-des-activites\">notre calendrier des activit\u00e9s. <\/a>Vous trouverez un contact volontaire au bas de chaque page d&rsquo;\u00e9v\u00e9nement.<\/p>\n<p>Vous pouvez \u00e9galement envoyer un courriel \u00e0 <a href=\"mailto:volunteer@runottawa.ca\" target=\"_blank\" rel=\"noopener\">volunteer@runottawa.ca<\/a>.<\/p>\n<h3><a href=\"https:\/\/raceroster.com\/events\/2024\/82415\/richmond-road-races-volunteer-page\">Devenez b\u00e9n\u00e9vole pour les courses annuelles de Richmond dimanche le 28 janvier!<\/a><\/h3>\n<h3>L&rsquo;inscription des b\u00e9n\u00e9voles pour la Fin de semaine des courses d&rsquo;Ottawa Tamarack 2024 d\u00e9butera en janvier.<\/h3>\n","protected":false},"excerpt":{"rendered":"<p>Plus de possibilit\u00e9s de b\u00e9n\u00e9volat ! Nos possibilit\u00e9s de b\u00e9n\u00e9volat ne se limitent pas \u00e0 la Fin de semaine des courses\u00a0Tamarack d\u2019Ottawa. Nous avons besoin de l\u2019aide des b\u00e9n\u00e9voles lors de nos nombreux autres \u00e9v\u00e9nements tout au long de l\u2019ann\u00e9e. Pour savoir s\u2019il existe une possibilit\u00e9 de b\u00e9n\u00e9volat, consultez notre [&hellip;]<\/p>\n","protected":false},"author":16,"featured_media":0,"parent":13611,"menu_order":491,"comment_status":"closed","ping_status":"closed","template":"","meta":{"_acf_changed":false,"footnotes":""},"class_list":["post-13619","page","type-page","status-publish","hentry"],"acf":[],"yoast_head":"<!-- This site is optimized with the Yoast SEO plugin v27.5 - https:\/\/yoast.com\/product\/yoast-seo-wordpress\/ -->\n<title>B\u00e9n\u00e9voles - Run Ottawa<\/title>\n<meta name=\"robots\" content=\"noindex, follow, max-snippet:-1, max-image-preview:large, max-video-preview:-1\" \/>\n<meta name=\"twitter:label1\" content=\"Dur\u00e9e de lecture estim\u00e9e\" \/>\n\t<meta name=\"twitter:data1\" content=\"1 minute\" \/>\n<script type=\"application\/ld+json\" class=\"yoast-schema-graph\">{\"@context\":\"https:\\\/\\\/schema.org\",\"@graph\":[{\"@type\":\"WebPage\",\"@id\":\"https:\\\/\\\/runottawa.mydev.ca\\\/fr\\\/ro\\\/programmes\\\/benevoles\",\"url\":\"https:\\\/\\\/runottawa.mydev.ca\\\/fr\\\/ro\\\/programmes\\\/benevoles\",\"name\":\"B\u00e9n\u00e9voles - Run Ottawa\",\"isPartOf\":{\"@id\":\"https:\\\/\\\/runottawa.mydev.ca\\\/#website\"},\"datePublished\":\"2017-04-06T19:07:09+00:00\",\"dateModified\":\"2023-11-13T12:19:11+00:00\",\"breadcrumb\":{\"@id\":\"https:\\\/\\\/runottawa.mydev.ca\\\/fr\\\/ro\\\/programmes\\\/benevoles#breadcrumb\"},\"inLanguage\":\"fr-FR\",\"potentialAction\":[{\"@type\":\"ReadAction\",\"target\":[\"https:\\\/\\\/runottawa.mydev.ca\\\/fr\\\/ro\\\/programmes\\\/benevoles\"]}]},{\"@type\":\"BreadcrumbList\",\"@id\":\"https:\\\/\\\/runottawa.mydev.ca\\\/fr\\\/ro\\\/programmes\\\/benevoles#breadcrumb\",\"itemListElement\":[{\"@type\":\"ListItem\",\"position\":1,\"name\":\"Home\",\"item\":\"https:\\\/\\\/runottawa.mydev.ca\\\/fr\"},{\"@type\":\"ListItem\",\"position\":2,\"name\":\"Courez Ottawa\",\"item\":\"https:\\\/\\\/runottawa.mydev.ca\\\/fr\\\/ro\"},{\"@type\":\"ListItem\",\"position\":3,\"name\":\"Programmes\",\"item\":\"https:\\\/\\\/runottawa.mydev.ca\\\/fr\\\/ro\\\/programmes\"},{\"@type\":\"ListItem\",\"position\":4,\"name\":\"B\u00e9n\u00e9voles\"}]},{\"@type\":\"WebSite\",\"@id\":\"https:\\\/\\\/runottawa.mydev.ca\\\/#website\",\"url\":\"https:\\\/\\\/runottawa.mydev.ca\\\/\",\"name\":\"Run Ottawa\",\"description\":\"\",\"potentialAction\":[{\"@type\":\"SearchAction\",\"target\":{\"@type\":\"EntryPoint\",\"urlTemplate\":\"https:\\\/\\\/runottawa.mydev.ca\\\/?s={search_term_string}\"},\"query-input\":{\"@type\":\"PropertyValueSpecification\",\"valueRequired\":true,\"valueName\":\"search_term_string\"}}],\"inLanguage\":\"fr-FR\"}]}<\/script>\n<!-- \/ Yoast SEO plugin. -->","yoast_head_json":{"title":"B\u00e9n\u00e9voles - Run Ottawa","robots":{"index":"noindex","follow":"follow","max-snippet":"max-snippet:-1","max-image-preview":"max-image-preview:large","max-video-preview":"max-video-preview:-1"},"twitter_misc":{"Dur\u00e9e de lecture estim\u00e9e":"1 minute"},"schema":{"@context":"https:\/\/schema.org","@graph":[{"@type":"WebPage","@id":"https:\/\/runottawa.mydev.ca\/fr\/ro\/programmes\/benevoles","url":"https:\/\/runottawa.mydev.ca\/fr\/ro\/programmes\/benevoles","name":"B\u00e9n\u00e9voles - Run Ottawa","isPartOf":{"@id":"https:\/\/runottawa.mydev.ca\/#website"},"datePublished":"2017-04-06T19:07:09+00:00","dateModified":"2023-11-13T12:19:11+00:00","breadcrumb":{"@id":"https:\/\/runottawa.mydev.ca\/fr\/ro\/programmes\/benevoles#breadcrumb"},"inLanguage":"fr-FR","potentialAction":[{"@type":"ReadAction","target":["https:\/\/runottawa.mydev.ca\/fr\/ro\/programmes\/benevoles"]}]},{"@type":"BreadcrumbList","@id":"https:\/\/runottawa.mydev.ca\/fr\/ro\/programmes\/benevoles#breadcrumb","itemListElement":[{"@type":"ListItem","position":1,"name":"Home","item":"https:\/\/runottawa.mydev.ca\/fr"},{"@type":"ListItem","position":2,"name":"Courez Ottawa","item":"https:\/\/runottawa.mydev.ca\/fr\/ro"},{"@type":"ListItem","position":3,"name":"Programmes","item":"https:\/\/runottawa.mydev.ca\/fr\/ro\/programmes"},{"@type":"ListItem","position":4,"name":"B\u00e9n\u00e9voles"}]},{"@type":"WebSite","@id":"https:\/\/runottawa.mydev.ca\/#website","url":"https:\/\/runottawa.mydev.ca\/","name":"Run Ottawa","description":"","potentialAction":[{"@type":"SearchAction","target":{"@type":"EntryPoint","urlTemplate":"https:\/\/runottawa.mydev.ca\/?s={search_term_string}"},"query-input":{"@type":"PropertyValueSpecification","valueRequired":true,"valueName":"search_term_string"}}],"inLanguage":"fr-FR"}]}},"_links":{"self":[{"href":"https:\/\/runottawa.mydev.ca\/fr\/wp-json\/wp\/v2\/pages\/13619","targetHints":{"allow":["GET"]}}],"collection":[{"href":"https:\/\/runottawa.mydev.ca\/fr\/wp-json\/wp\/v2\/pages"}],"about":[{"href":"https:\/\/runottawa.mydev.ca\/fr\/wp-json\/wp\/v2\/types\/page"}],"author":[{"embeddable":true,"href":"https:\/\/runottawa.mydev.ca\/fr\/wp-json\/wp\/v2\/users\/16"}],"replies":[{"embeddable":true,"href":"https:\/\/runottawa.mydev.ca\/fr\/wp-json\/wp\/v2\/comments?post=13619"}],"version-history":[{"count":35,"href":"https:\/\/runottawa.mydev.ca\/fr\/wp-json\/wp\/v2\/pages\/13619\/revisions"}],"predecessor-version":[{"id":37412,"href":"https:\/\/runottawa.mydev.ca\/fr\/wp-json\/wp\/v2\/pages\/13619\/revisions\/37412"}],"up":[{"embeddable":true,"href":"https:\/\/runottawa.mydev.ca\/fr\/wp-json\/wp\/v2\/pages\/13611"}],"wp:attachment":[{"href":"https:\/\/runottawa.mydev.ca\/fr\/wp-json\/wp\/v2\/media?parent=13619"}],"curies":[{"name":"wp","href":"https:\/\/api.w.org\/{rel}","templated":true}]}}