{"id":18406,"date":"2018-04-10T17:21:06","date_gmt":"2018-04-10T21:21:06","guid":{"rendered":"https:\/\/www.runottawa.ca\/ro\/programmes\/kids-run-ottawa-school-program"},"modified":"2023-12-18T07:51:31","modified_gmt":"2023-12-18T12:51:31","slug":"courez-ottawa-pour-enfants","status":"publish","type":"page","link":"https:\/\/runottawa.mydev.ca\/fr\/ro\/programmes\/courez-ottawa-pour-enfants","title":{"rendered":"Programme scolaire du Marathon d\u2019Ottawa pour les enfants"},"content":{"rendered":"<p class=\"p1\"><span class=\"s1\">\u00ab Un petit progr\u00e8s chaque jour deviendra un grand accomplissement un jour ! \u00bb <em>Anonyme\u00a0<\/em><\/span><\/p>\n<p class=\"p1\"><span class=\"s1\">Courez Ottawa a con\u00e7u un programme de 10 semaines pour les enfants de 6 \u00e0 12 ans, qui peut facilement \u00eatre mis en \u0153uvre \u00e0 l\u2019\u00e9cole (avant, pendant ou apr\u00e8s les heures d\u2019enseignement) ou dans un club de course communautaire. Les entra\u00eeneurs peuvent \u00eatre du personnel de l\u2019\u00e9cole, des parents, des pairs ou des membres de la communaut\u00e9. Les ressources, les conseils d\u2019entra\u00eenement, les incitatifs et les certificats de finissant sont fournis par Courez Ottawa.<\/span><\/p>\n<p class=\"p1\"><a href=\"https:\/\/runottawa.mydev.ca\/wp-content\/uploads\/2023\/12\/KRO-MarathonEnfantsOttawa-2024-FR.pdf\"><span class=\"s1\"> <strong>Notre livret d\u2019activit\u00e9s 2024 est disponible ici.<\/strong><\/span><\/a><\/p>\n<p class=\"p1\"><span class=\"s1\">Le programme de 10 semaines commence officiellement le lundi 19 mars 2024 et se termine \u00e0 la fin du mois de mai avec votre propre ligne d&rsquo;arriv\u00e9e du <a href=\"https:\/\/runottawa.mydev.ca\/fr\/les-courses\/le-marathon-dottawa-pour-les-enfants\">Marathon des enfants d&rsquo;Ottawa<\/a>.<\/span><\/p>\n<p>Si vous avez des questions, veuillez contacter <a href=\"mailto:kids@runottawa.ca\">kids@runottawa.ca<\/a>.<\/p>\n<script type=\"text\/javascript\">\n\/* <![CDATA[ *\/\nvar gform;gform||(document.addEventListener(\"gform_main_scripts_loaded\",function(){gform.scriptsLoaded=!0}),document.addEventListener(\"gform\/theme\/scripts_loaded\",function(){gform.themeScriptsLoaded=!0}),window.addEventListener(\"DOMContentLoaded\",function(){gform.domLoaded=!0}),gform={domLoaded:!1,scriptsLoaded:!1,themeScriptsLoaded:!1,isFormEditor:()=>\"function\"==typeof InitializeEditor,callIfLoaded:function(o){return!(!gform.domLoaded||!gform.scriptsLoaded||!gform.themeScriptsLoaded&&!gform.isFormEditor()||(gform.isFormEditor()&&console.warn(\"The use of gform.initializeOnLoaded() is deprecated in the form editor context and will be removed in Gravity Forms 3.1.\"),o(),0))},initializeOnLoaded:function(o){gform.callIfLoaded(o)||(document.addEventListener(\"gform_main_scripts_loaded\",()=>{gform.scriptsLoaded=!0,gform.callIfLoaded(o)}),document.addEventListener(\"gform\/theme\/scripts_loaded\",()=>{gform.themeScriptsLoaded=!0,gform.callIfLoaded(o)}),window.addEventListener(\"DOMContentLoaded\",()=>{gform.domLoaded=!0,gform.callIfLoaded(o)}))},hooks:{action:{},filter:{}},addAction:function(o,r,e,t){gform.addHook(\"action\",o,r,e,t)},addFilter:function(o,r,e,t){gform.addHook(\"filter\",o,r,e,t)},doAction:function(o){gform.doHook(\"action\",o,arguments)},applyFilters:function(o){return gform.doHook(\"filter\",o,arguments)},removeAction:function(o,r){gform.removeHook(\"action\",o,r)},removeFilter:function(o,r,e){gform.removeHook(\"filter\",o,r,e)},addHook:function(o,r,e,t,n){null==gform.hooks[o][r]&&(gform.hooks[o][r]=[]);var d=gform.hooks[o][r];null==n&&(n=r+\"_\"+d.length),gform.hooks[o][r].push({tag:n,callable:e,priority:t=null==t?10:t})},doHook:function(r,o,e){var t;if(e=Array.prototype.slice.call(e,1),null!=gform.hooks[r][o]&&((o=gform.hooks[r][o]).sort(function(o,r){return o.priority-r.priority}),o.forEach(function(o){\"function\"!=typeof(t=o.callable)&&(t=window[t]),\"action\"==r?t.apply(null,e):e[0]=t.apply(null,e)})),\"filter\"==r)return e[0]},removeHook:function(o,r,t,n){var e;null!=gform.hooks[o][r]&&(e=(e=gform.hooks[o][r]).filter(function(o,r,e){return!!(null!=n&&n!=o.tag||null!=t&&t!=o.priority)}),gform.hooks[o][r]=e)}});\n\/* ]]> *\/\n<\/script>\n\n                <div class='gf_browser_gecko gform_wrapper gform_legacy_markup_wrapper gform-theme--no-framework' data-form-theme='legacy' data-form-index='0' id='gform_wrapper_6' >\n                        <div class='gform_heading'>\n                            <h3 class=\"gform_title\">Programme Courez Ottawa pour enfants<\/h3>\n                            <p class='gform_description'><\/p>\n                        <\/div><form method='post' enctype='multipart\/form-data'  id='gform_6'  action='\/fr\/wp-json\/wp\/v2\/pages\/18406' data-formid='6' novalidate>\n                        <div class='gform-body gform_body'><ul id='gform_fields_6' class='gform_fields top_label form_sublabel_below description_below validation_below'><li id=\"field_6_1\" class=\"gfield gfield--type-text field_sublabel_below gfield--no-description field_description_below field_validation_below gfield_visibility_visible\"  ><label class='gfield_label gform-field-label' for='input_6_1'>Nom de l\u2019\u00e9cole :<\/label><div class='ginput_container ginput_container_text'><input name='input_1' id='input_6_1' type='text' value='' class='medium'      aria-invalid=\"false\"   \/><\/div><\/li><li id=\"field_6_2\" class=\"gfield gfield--type-text field_sublabel_below gfield--no-description field_description_below field_validation_below gfield_visibility_visible\"  ><label class='gfield_label gform-field-label' for='input_6_2'>Pr\u00e9nom et nom de famille de la principale personne-ressource :<\/label><div class='ginput_container ginput_container_text'><input name='input_2' id='input_6_2' type='text' value='' class='medium'      aria-invalid=\"false\"   \/><\/div><\/li><li id=\"field_6_3\" class=\"gfield gfield--type-text field_sublabel_below gfield--no-description field_description_below field_validation_below gfield_visibility_visible\"  ><label class='gfield_label gform-field-label' for='input_6_3'>Num\u00e9ro de t\u00e9l\u00e9phone de la principale personne-ressource :<\/label><div class='ginput_container ginput_container_text'><input name='input_3' id='input_6_3' type='text' value='' class='medium'      aria-invalid=\"false\"   \/><\/div><\/li><li id=\"field_6_4\" class=\"gfield gfield--type-text field_sublabel_below gfield--no-description field_description_below field_validation_below gfield_visibility_visible\"  ><label class='gfield_label gform-field-label' for='input_6_4'>Courriel de la principale personne-ressource :<\/label><div class='ginput_container ginput_container_text'><input name='input_4' id='input_6_4' type='text' value='' class='medium'      aria-invalid=\"false\"   \/><\/div><\/li><li id=\"field_6_7\" class=\"gfield gfield--type-radio gfield--type-choice gfield--width-full field_sublabel_below gfield--no-description field_description_below field_validation_below gfield_visibility_visible\"  ><label class='gfield_label gform-field-label' >Langue pr\u00e9f\u00e9r\u00e9e du programme<\/label><div class='ginput_container ginput_container_radio'><ul class='gfield_radio' id='input_6_7'>\n\t\t\t<li class='gchoice gchoice_6_7_0'>\n\t\t\t\t<input name='input_7' type='radio' value='Fran\u00e7ais'  id='choice_6_7_0'    \/>\n\t\t\t\t<label for='choice_6_7_0' id='label_6_7_0' class='gform-field-label gform-field-label--type-inline'>Fran\u00e7ais<\/label>\n\t\t\t<\/li>\n\t\t\t<li class='gchoice gchoice_6_7_1'>\n\t\t\t\t<input name='input_7' type='radio' value='Anglais'  id='choice_6_7_1'    \/>\n\t\t\t\t<label for='choice_6_7_1' id='label_6_7_1' class='gform-field-label gform-field-label--type-inline'>Anglais<\/label>\n\t\t\t<\/li><\/ul><\/div><\/li><li id=\"field_6_5\" class=\"gfield gfield--type-text field_sublabel_below gfield--no-description field_description_below field_validation_below gfield_visibility_visible\"  ><label class='gfield_label gform-field-label' for='input_6_5'>Nombre d\u2019\u00e9l\u00e8ves participants (approximatif) :<\/label><div class='ginput_container ginput_container_text'><input name='input_5' id='input_6_5' type='text' value='' class='medium'      aria-invalid=\"false\"   \/><\/div><\/li><\/ul><\/div>\n        <div class='gform-footer gform_footer top_label'> <input type='submit' id='gform_submit_button_6' class='gform_button button' onclick='gform.submission.handleButtonClick(this);' data-submission-type='submit' value='Submit'  \/> \n            <input type='hidden' class='gform_hidden' name='gform_submission_method' data-js='gform_submission_method_6' value='postback' \/>\n            <input type='hidden' class='gform_hidden' name='gform_theme' data-js='gform_theme_6' id='gform_theme_6' value='legacy' \/>\n            <input type='hidden' class='gform_hidden' name='gform_style_settings' data-js='gform_style_settings_6' id='gform_style_settings_6' value='[]' \/>\n            <input type='hidden' class='gform_hidden' name='is_submit_6' value='1' \/>\n            <input type='hidden' class='gform_hidden' name='gform_submit' value='6' \/>\n            \n            <input type='hidden' class='gform_hidden' name='gform_currency' data-currency='CAD' value='e2rQIn9Gpd6vUoZRILBEw8vG1bPqRJYO1ZUwgnwwFFIGdtWO8h+UgyzSeKrqqPenXhCeCnciNOegnQ1yucxT7VF3Wf4jRvduPyEp+3FIoNttLd8=' \/>\n            <input type='hidden' class='gform_hidden' name='gform_unique_id' value='' \/>\n            <input type='hidden' class='gform_hidden' name='state_6' value='WyJ7XCI3XCI6W1wiZmZhNTEzNDAwMGM0ZmYzNTBiYzk0ZDQwNmE5NGJlNDVcIixcIjUyMTQwZTkxYjkzN2YyYmExNjEzYjc3YzI4OTE0ODI4XCJdfSIsIjM5NTAyM2I1YjI1MmY2MmQ0MjY1ODI0Zjk0OTZjMTRlIl0=' \/>\n            <input type='hidden' autocomplete='off' class='gform_hidden' name='gform_target_page_number_6' id='gform_target_page_number_6' value='0' \/>\n            <input type='hidden' autocomplete='off' class='gform_hidden' name='gform_source_page_number_6' id='gform_source_page_number_6' value='1' \/>\n            <input type='hidden' name='gform_field_values' value='' \/>\n            \n        <\/div>\n                        <p style=\"display: none !important;\" class=\"akismet-fields-container\" data-prefix=\"ak_\"><label>&#916;<textarea name=\"ak_hp_textarea\" cols=\"45\" rows=\"8\" maxlength=\"100\"><\/textarea><\/label><input type=\"hidden\" id=\"ak_js_1\" name=\"ak_js\" value=\"187\"\/><script type=\"text\/javascript\">\n\/* <![CDATA[ *\/\ndocument.getElementById( \"ak_js_1\" ).setAttribute( \"value\", ( new Date() ).getTime() );\n\/* ]]> *\/\n<\/script>\n<\/p><\/form>\n                        <\/div><script type=\"text\/javascript\">\n\/* <![CDATA[ *\/\n gform.initializeOnLoaded( function() {gformInitSpinner( 6, 'https:\/\/runottawa.mydev.ca\/wp-content\/plugins\/gravityforms\/images\/spinner.svg', true );jQuery('#gform_ajax_frame_6').on('load',function(){var contents = jQuery(this).contents().find('*').html();var is_postback = contents.indexOf('GF_AJAX_POSTBACK') >= 0;if(!is_postback){return;}var form_content = jQuery(this).contents().find('#gform_wrapper_6');var is_confirmation = jQuery(this).contents().find('#gform_confirmation_wrapper_6').length > 0;var is_redirect = contents.indexOf('gformRedirect(){') >= 0;var is_form = form_content.length > 0 && ! is_redirect && ! is_confirmation;var mt = parseInt(jQuery('html').css('margin-top'), 10) + parseInt(jQuery('body').css('margin-top'), 10) + 100;if(is_form){jQuery('#gform_wrapper_6').html(form_content.html());if(form_content.hasClass('gform_validation_error')){jQuery('#gform_wrapper_6').addClass('gform_validation_error');} else {jQuery('#gform_wrapper_6').removeClass('gform_validation_error');}setTimeout( function() { \/* delay the scroll by 50 milliseconds to fix a bug in chrome *\/  }, 50 );if(window['gformInitDatepicker']) {gformInitDatepicker();}if(window['gformInitPriceFields']) {gformInitPriceFields();}var current_page = jQuery('#gform_source_page_number_6').val();gformInitSpinner( 6, 'https:\/\/runottawa.mydev.ca\/wp-content\/plugins\/gravityforms\/images\/spinner.svg', true );jQuery(document).trigger('gform_page_loaded', [6, current_page]);window['gf_submitting_6'] = false;}else if(!is_redirect){var confirmation_content = jQuery(this).contents().find('.GF_AJAX_POSTBACK').html();if(!confirmation_content){confirmation_content = contents;}jQuery('#gform_wrapper_6').replaceWith(confirmation_content);jQuery(document).trigger('gform_confirmation_loaded', [6]);window['gf_submitting_6'] = false;wp.a11y.speak(jQuery('#gform_confirmation_message_6').text());}else{jQuery('#gform_6').append(contents);if(window['gformRedirect']) {gformRedirect();}}jQuery(document).trigger(\"gform_pre_post_render\", [{ formId: \"6\", currentPage: \"current_page\", abort: function() { this.preventDefault(); } }]);        if (event && event.defaultPrevented) {                return;        }        const gformWrapperDiv = document.getElementById( \"gform_wrapper_6\" );        if ( gformWrapperDiv ) {            const visibilitySpan = document.createElement( \"span\" );            visibilitySpan.id = \"gform_visibility_test_6\";            gformWrapperDiv.insertAdjacentElement( \"afterend\", visibilitySpan );        }        const visibilityTestDiv = document.getElementById( \"gform_visibility_test_6\" );        let postRenderFired = false;        function triggerPostRender() {            if ( postRenderFired ) {                return;            }            postRenderFired = true;            gform.core.triggerPostRenderEvents( 6, current_page );            if ( visibilityTestDiv ) {                visibilityTestDiv.parentNode.removeChild( visibilityTestDiv );            }        }        function debounce( func, wait, immediate ) {            var timeout;            return function() {                var context = this, args = arguments;                var later = function() {                    timeout = null;                    if ( !immediate ) func.apply( context, args );                };                var callNow = immediate && !timeout;                clearTimeout( timeout );                timeout = setTimeout( later, wait );                if ( callNow ) func.apply( context, args );            };        }        const debouncedTriggerPostRender = debounce( function() {            triggerPostRender();        }, 200 );        if ( visibilityTestDiv && visibilityTestDiv.offsetParent === null ) {            const observer = new MutationObserver( ( mutations ) => {                mutations.forEach( ( mutation ) => {                    if ( mutation.type === 'attributes' && visibilityTestDiv.offsetParent !== null ) {                        debouncedTriggerPostRender();                        observer.disconnect();                    }                });            });            observer.observe( document.body, {                attributes: true,                childList: false,                subtree: true,                attributeFilter: [ 'style', 'class' ],            });        } else {            triggerPostRender();        }    } );} ); \n\/* ]]> *\/\n<\/script>\n\n","protected":false},"excerpt":{"rendered":"<p>\u00ab Un petit progr\u00e8s chaque jour deviendra un grand accomplissement un jour ! \u00bb Anonyme\u00a0 Courez Ottawa a con\u00e7u un programme de 10 semaines pour les enfants de 6 \u00e0 12 ans, qui peut facilement \u00eatre mis en \u0153uvre \u00e0 l\u2019\u00e9cole (avant, pendant ou apr\u00e8s les heures d\u2019enseignement) ou dans [&hellip;]<\/p>\n","protected":false},"author":16,"featured_media":0,"parent":13611,"menu_order":267,"comment_status":"closed","ping_status":"closed","template":"","meta":{"_acf_changed":false,"footnotes":""},"class_list":["post-18406","page","type-page","status-publish","hentry"],"acf":[],"yoast_head":"<!-- This site is optimized with the Yoast SEO plugin v27.5 - https:\/\/yoast.com\/product\/yoast-seo-wordpress\/ -->\n<title>Programme scolaire du Marathon d\u2019Ottawa pour les enfants - Run Ottawa<\/title>\n<meta name=\"robots\" content=\"noindex, follow, max-snippet:-1, max-image-preview:large, max-video-preview:-1\" \/>\n<meta name=\"twitter:label1\" content=\"Dur\u00e9e de lecture estim\u00e9e\" \/>\n\t<meta name=\"twitter:data1\" content=\"1 minute\" \/>\n<script type=\"application\/ld+json\" class=\"yoast-schema-graph\">{\"@context\":\"https:\\\/\\\/schema.org\",\"@graph\":[{\"@type\":\"WebPage\",\"@id\":\"https:\\\/\\\/runottawa.mydev.ca\\\/fr\\\/ro\\\/programmes\\\/courez-ottawa-pour-enfants\",\"url\":\"https:\\\/\\\/runottawa.mydev.ca\\\/fr\\\/ro\\\/programmes\\\/courez-ottawa-pour-enfants\",\"name\":\"Programme scolaire du Marathon d\u2019Ottawa pour les enfants - Run Ottawa\",\"isPartOf\":{\"@id\":\"https:\\\/\\\/runottawa.mydev.ca\\\/#website\"},\"datePublished\":\"2018-04-10T21:21:06+00:00\",\"dateModified\":\"2023-12-18T12:51:31+00:00\",\"breadcrumb\":{\"@id\":\"https:\\\/\\\/runottawa.mydev.ca\\\/fr\\\/ro\\\/programmes\\\/courez-ottawa-pour-enfants#breadcrumb\"},\"inLanguage\":\"fr-FR\",\"potentialAction\":[{\"@type\":\"ReadAction\",\"target\":[\"https:\\\/\\\/runottawa.mydev.ca\\\/fr\\\/ro\\\/programmes\\\/courez-ottawa-pour-enfants\"]}]},{\"@type\":\"BreadcrumbList\",\"@id\":\"https:\\\/\\\/runottawa.mydev.ca\\\/fr\\\/ro\\\/programmes\\\/courez-ottawa-pour-enfants#breadcrumb\",\"itemListElement\":[{\"@type\":\"ListItem\",\"position\":1,\"name\":\"Home\",\"item\":\"https:\\\/\\\/runottawa.mydev.ca\\\/fr\"},{\"@type\":\"ListItem\",\"position\":2,\"name\":\"Courez Ottawa\",\"item\":\"https:\\\/\\\/runottawa.mydev.ca\\\/fr\\\/ro\"},{\"@type\":\"ListItem\",\"position\":3,\"name\":\"Programmes\",\"item\":\"https:\\\/\\\/runottawa.mydev.ca\\\/fr\\\/ro\\\/programmes\"},{\"@type\":\"ListItem\",\"position\":4,\"name\":\"Programme scolaire du Marathon d\u2019Ottawa pour les enfants\"}]},{\"@type\":\"WebSite\",\"@id\":\"https:\\\/\\\/runottawa.mydev.ca\\\/#website\",\"url\":\"https:\\\/\\\/runottawa.mydev.ca\\\/\",\"name\":\"Run Ottawa\",\"description\":\"\",\"potentialAction\":[{\"@type\":\"SearchAction\",\"target\":{\"@type\":\"EntryPoint\",\"urlTemplate\":\"https:\\\/\\\/runottawa.mydev.ca\\\/?s={search_term_string}\"},\"query-input\":{\"@type\":\"PropertyValueSpecification\",\"valueRequired\":true,\"valueName\":\"search_term_string\"}}],\"inLanguage\":\"fr-FR\"}]}<\/script>\n<!-- \/ Yoast SEO plugin. -->","yoast_head_json":{"title":"Programme scolaire du Marathon d\u2019Ottawa pour les enfants - Run Ottawa","robots":{"index":"noindex","follow":"follow","max-snippet":"max-snippet:-1","max-image-preview":"max-image-preview:large","max-video-preview":"max-video-preview:-1"},"twitter_misc":{"Dur\u00e9e de lecture estim\u00e9e":"1 minute"},"schema":{"@context":"https:\/\/schema.org","@graph":[{"@type":"WebPage","@id":"https:\/\/runottawa.mydev.ca\/fr\/ro\/programmes\/courez-ottawa-pour-enfants","url":"https:\/\/runottawa.mydev.ca\/fr\/ro\/programmes\/courez-ottawa-pour-enfants","name":"Programme scolaire du Marathon d\u2019Ottawa pour les enfants - Run Ottawa","isPartOf":{"@id":"https:\/\/runottawa.mydev.ca\/#website"},"datePublished":"2018-04-10T21:21:06+00:00","dateModified":"2023-12-18T12:51:31+00:00","breadcrumb":{"@id":"https:\/\/runottawa.mydev.ca\/fr\/ro\/programmes\/courez-ottawa-pour-enfants#breadcrumb"},"inLanguage":"fr-FR","potentialAction":[{"@type":"ReadAction","target":["https:\/\/runottawa.mydev.ca\/fr\/ro\/programmes\/courez-ottawa-pour-enfants"]}]},{"@type":"BreadcrumbList","@id":"https:\/\/runottawa.mydev.ca\/fr\/ro\/programmes\/courez-ottawa-pour-enfants#breadcrumb","itemListElement":[{"@type":"ListItem","position":1,"name":"Home","item":"https:\/\/runottawa.mydev.ca\/fr"},{"@type":"ListItem","position":2,"name":"Courez Ottawa","item":"https:\/\/runottawa.mydev.ca\/fr\/ro"},{"@type":"ListItem","position":3,"name":"Programmes","item":"https:\/\/runottawa.mydev.ca\/fr\/ro\/programmes"},{"@type":"ListItem","position":4,"name":"Programme scolaire du Marathon d\u2019Ottawa pour les enfants"}]},{"@type":"WebSite","@id":"https:\/\/runottawa.mydev.ca\/#website","url":"https:\/\/runottawa.mydev.ca\/","name":"Run Ottawa","description":"","potentialAction":[{"@type":"SearchAction","target":{"@type":"EntryPoint","urlTemplate":"https:\/\/runottawa.mydev.ca\/?s={search_term_string}"},"query-input":{"@type":"PropertyValueSpecification","valueRequired":true,"valueName":"search_term_string"}}],"inLanguage":"fr-FR"}]}},"_links":{"self":[{"href":"https:\/\/runottawa.mydev.ca\/fr\/wp-json\/wp\/v2\/pages\/18406","targetHints":{"allow":["GET"]}}],"collection":[{"href":"https:\/\/runottawa.mydev.ca\/fr\/wp-json\/wp\/v2\/pages"}],"about":[{"href":"https:\/\/runottawa.mydev.ca\/fr\/wp-json\/wp\/v2\/types\/page"}],"author":[{"embeddable":true,"href":"https:\/\/runottawa.mydev.ca\/fr\/wp-json\/wp\/v2\/users\/16"}],"replies":[{"embeddable":true,"href":"https:\/\/runottawa.mydev.ca\/fr\/wp-json\/wp\/v2\/comments?post=18406"}],"version-history":[{"count":12,"href":"https:\/\/runottawa.mydev.ca\/fr\/wp-json\/wp\/v2\/pages\/18406\/revisions"}],"predecessor-version":[{"id":37648,"href":"https:\/\/runottawa.mydev.ca\/fr\/wp-json\/wp\/v2\/pages\/18406\/revisions\/37648"}],"up":[{"embeddable":true,"href":"https:\/\/runottawa.mydev.ca\/fr\/wp-json\/wp\/v2\/pages\/13611"}],"wp:attachment":[{"href":"https:\/\/runottawa.mydev.ca\/fr\/wp-json\/wp\/v2\/media?parent=18406"}],"curies":[{"name":"wp","href":"https:\/\/api.w.org\/{rel}","templated":true}]}}