{"id":751,"date":"2014-03-11T10:29:22","date_gmt":"2014-03-11T14:29:22","guid":{"rendered":"http:\/\/www.runottawa.ca\/les-courses\/tamarack-ottawa-race-weekend\/"},"modified":"2017-08-31T19:56:45","modified_gmt":"2017-08-31T23:56:45","slug":"les-courses","status":"publish","type":"page","link":"https:\/\/runottawa.mydev.ca\/fr\/torw\/les-courses","title":{"rendered":"Les courses"},"content":{"rendered":"<div id=\"registernowwidget\"><a href=\"https:\/\/secure2.htgsports.com\/Marathon.nsf\/BTSRP_Reg?OpenForm&#038;ParentUNID=F81558AA152ACB1E8525812A0060909F&#038;clubid=ROC&#038;lang=fr\" class=\"button\">Incrivez<\/a><a href=\"\/fr\/les-courses\/fin-de-semaine-des-courses-tamarack-dottawa\/informations\/information-concernant-les-inscriptions\" class=\"link\">Information concernant les inscriptions &gt;<\/a><\/div>La Fin de semaine des courses\u00a0<em>Tamarack<\/em>\u00a0d\u2019Ottawa est la fin de semaine de courses la plus importante du Canada.\u00a0 En 2016, pre\u00e8s de 47 000 personnes ont particip\u00e9 \u00e0 six courses, dont le Marathon d\u2019Ottawa Banque Scotia.<\/p>\n<p>Choisissez une des six courses ci-dessous pour en savoir plus \u00e0 leur sujet.\u00a0 Vous trouverez des renseignements g\u00e9n\u00e9raux sur la fin de semaine dans <a href=\"https:\/\/runottawa.mydev.ca\/races-and-events\/tamarack-ottawa-race-weekend\/weekend-information\">le menu Informations sur la fin de semaine.<\/a><\/p>\n<p><iframe loading=\"lazy\" src=\"https:\/\/www.youtube.com\/embed\/ZzuhgceJyvA\" width=\"560\" height=\"315\" frameborder=\"0\" allowfullscreen=\"allowfullscreen\"><\/iframe><\/p>\n","protected":false},"excerpt":{"rendered":"<p>La Fin de semaine des courses\u00a0Tamarack\u00a0d\u2019Ottawa est la fin de semaine de courses la plus importante du Canada.\u00a0 En 2016, pre\u00e8s de 47 000 personnes ont particip\u00e9 \u00e0 six courses, dont le Marathon d\u2019Ottawa Banque Scotia. Choisissez une des six courses ci-dessous pour en savoir plus \u00e0 leur sujet.\u00a0 Vous [&hellip;]<\/p>\n","protected":false},"author":10,"featured_media":0,"parent":12592,"menu_order":283,"comment_status":"closed","ping_status":"open","template":"template-races-overview.php","meta":{"_acf_changed":false,"footnotes":""},"class_list":["post-751","page","type-page","status-publish","hentry"],"acf":[],"yoast_head":"<!-- This site is optimized with the Yoast SEO plugin v27.5 - https:\/\/yoast.com\/product\/yoast-seo-wordpress\/ -->\n<title>Les courses - Run Ottawa<\/title>\n<meta name=\"robots\" content=\"noindex, follow, max-snippet:-1, max-image-preview:large, max-video-preview:-1\" \/>\n<meta name=\"twitter:label1\" content=\"Dur\u00e9e de lecture estim\u00e9e\" \/>\n\t<meta name=\"twitter:data1\" content=\"1 minute\" \/>\n<script type=\"application\/ld+json\" class=\"yoast-schema-graph\">{\"@context\":\"https:\\\/\\\/schema.org\",\"@graph\":[{\"@type\":\"WebPage\",\"@id\":\"https:\\\/\\\/runottawa.mydev.ca\\\/fr\\\/torw\\\/les-courses\",\"url\":\"https:\\\/\\\/runottawa.mydev.ca\\\/fr\\\/torw\\\/les-courses\",\"name\":\"Les courses - Run Ottawa\",\"isPartOf\":{\"@id\":\"https:\\\/\\\/runottawa.mydev.ca\\\/#website\"},\"datePublished\":\"2014-03-11T14:29:22+00:00\",\"dateModified\":\"2017-08-31T23:56:45+00:00\",\"breadcrumb\":{\"@id\":\"https:\\\/\\\/runottawa.mydev.ca\\\/fr\\\/torw\\\/les-courses#breadcrumb\"},\"inLanguage\":\"fr-FR\",\"potentialAction\":[{\"@type\":\"ReadAction\",\"target\":[\"https:\\\/\\\/runottawa.mydev.ca\\\/fr\\\/torw\\\/les-courses\"]}]},{\"@type\":\"BreadcrumbList\",\"@id\":\"https:\\\/\\\/runottawa.mydev.ca\\\/fr\\\/torw\\\/les-courses#breadcrumb\",\"itemListElement\":[{\"@type\":\"ListItem\",\"position\":1,\"name\":\"Home\",\"item\":\"https:\\\/\\\/runottawa.mydev.ca\\\/fr\"},{\"@type\":\"ListItem\",\"position\":2,\"name\":\"Fin de semaine des courses Tamarack d\u2019Ottawa\",\"item\":\"https:\\\/\\\/runottawa.mydev.ca\\\/fr\"},{\"@type\":\"ListItem\",\"position\":3,\"name\":\"Les courses\"}]},{\"@type\":\"WebSite\",\"@id\":\"https:\\\/\\\/runottawa.mydev.ca\\\/#website\",\"url\":\"https:\\\/\\\/runottawa.mydev.ca\\\/\",\"name\":\"Run Ottawa\",\"description\":\"\",\"potentialAction\":[{\"@type\":\"SearchAction\",\"target\":{\"@type\":\"EntryPoint\",\"urlTemplate\":\"https:\\\/\\\/runottawa.mydev.ca\\\/?s={search_term_string}\"},\"query-input\":{\"@type\":\"PropertyValueSpecification\",\"valueRequired\":true,\"valueName\":\"search_term_string\"}}],\"inLanguage\":\"fr-FR\"}]}<\/script>\n<!-- \/ Yoast SEO plugin. -->","yoast_head_json":{"title":"Les courses - Run Ottawa","robots":{"index":"noindex","follow":"follow","max-snippet":"max-snippet:-1","max-image-preview":"max-image-preview:large","max-video-preview":"max-video-preview:-1"},"twitter_misc":{"Dur\u00e9e de lecture estim\u00e9e":"1 minute"},"schema":{"@context":"https:\/\/schema.org","@graph":[{"@type":"WebPage","@id":"https:\/\/runottawa.mydev.ca\/fr\/torw\/les-courses","url":"https:\/\/runottawa.mydev.ca\/fr\/torw\/les-courses","name":"Les courses - Run Ottawa","isPartOf":{"@id":"https:\/\/runottawa.mydev.ca\/#website"},"datePublished":"2014-03-11T14:29:22+00:00","dateModified":"2017-08-31T23:56:45+00:00","breadcrumb":{"@id":"https:\/\/runottawa.mydev.ca\/fr\/torw\/les-courses#breadcrumb"},"inLanguage":"fr-FR","potentialAction":[{"@type":"ReadAction","target":["https:\/\/runottawa.mydev.ca\/fr\/torw\/les-courses"]}]},{"@type":"BreadcrumbList","@id":"https:\/\/runottawa.mydev.ca\/fr\/torw\/les-courses#breadcrumb","itemListElement":[{"@type":"ListItem","position":1,"name":"Home","item":"https:\/\/runottawa.mydev.ca\/fr"},{"@type":"ListItem","position":2,"name":"Fin de semaine des courses Tamarack d\u2019Ottawa","item":"https:\/\/runottawa.mydev.ca\/fr"},{"@type":"ListItem","position":3,"name":"Les courses"}]},{"@type":"WebSite","@id":"https:\/\/runottawa.mydev.ca\/#website","url":"https:\/\/runottawa.mydev.ca\/","name":"Run Ottawa","description":"","potentialAction":[{"@type":"SearchAction","target":{"@type":"EntryPoint","urlTemplate":"https:\/\/runottawa.mydev.ca\/?s={search_term_string}"},"query-input":{"@type":"PropertyValueSpecification","valueRequired":true,"valueName":"search_term_string"}}],"inLanguage":"fr-FR"}]}},"_links":{"self":[{"href":"https:\/\/runottawa.mydev.ca\/fr\/wp-json\/wp\/v2\/pages\/751","targetHints":{"allow":["GET"]}}],"collection":[{"href":"https:\/\/runottawa.mydev.ca\/fr\/wp-json\/wp\/v2\/pages"}],"about":[{"href":"https:\/\/runottawa.mydev.ca\/fr\/wp-json\/wp\/v2\/types\/page"}],"author":[{"embeddable":true,"href":"https:\/\/runottawa.mydev.ca\/fr\/wp-json\/wp\/v2\/users\/10"}],"replies":[{"embeddable":true,"href":"https:\/\/runottawa.mydev.ca\/fr\/wp-json\/wp\/v2\/comments?post=751"}],"version-history":[{"count":29,"href":"https:\/\/runottawa.mydev.ca\/fr\/wp-json\/wp\/v2\/pages\/751\/revisions"}],"predecessor-version":[{"id":14520,"href":"https:\/\/runottawa.mydev.ca\/fr\/wp-json\/wp\/v2\/pages\/751\/revisions\/14520"}],"up":[{"embeddable":true,"href":"https:\/\/runottawa.mydev.ca\/fr\/wp-json\/wp\/v2\/pages\/12592"}],"wp:attachment":[{"href":"https:\/\/runottawa.mydev.ca\/fr\/wp-json\/wp\/v2\/media?parent=751"}],"curies":[{"name":"wp","href":"https:\/\/api.w.org\/{rel}","templated":true}]}}